{"id":9611,"date":"2022-05-03T21:01:12","date_gmt":"2022-05-04T00:01:12","guid":{"rendered":"https:\/\/macae-airport.kaptiva.com.br\/index.php\/produto\/conscientizacao-em-avsec-externo\/"},"modified":"2024-02-05T15:48:08","modified_gmt":"2024-02-05T18:48:08","slug":"conscientizacao-em-avsec-externo","status":"publish","type":"product","link":"https:\/\/macae-airport.kaptiva.com.br\/index.php\/produto\/conscientizacao-em-avsec-externo\/","title":{"rendered":"Conscientiza\u00e7\u00e3o em AVSEC + B\u00f4nus (Liberdade no Ar)"},"content":{"rendered":"","protected":false},"excerpt":{"rendered":"<p>Este treinamento \u00e9 destinado a todos os profissionais que desenvolvem atividades na \u00e1rea operacional do aer\u00f3dromo, conforme RBAC 107 (Regulamento Brasileiro de Avia\u00e7\u00e3o Civil).<\/p>\n","protected":false},"featured_media":9941,"template":"elementor_theme","meta":{"_uag_custom_page_level_css":"","site-sidebar-layout":"no-sidebar","site-content-layout":"plain-container","ast-main-header-display":"","ast-hfb-above-header-display":"","ast-hfb-below-header-display":"","ast-hfb-mobile-header-display":"","site-post-title":"","ast-breadcrumbs-content":"","ast-featured-img":"","footer-sml-layout":"","theme-transparent-header-meta":"default","adv-header-id-meta":"","stick-header-meta":"default","header-above-stick-meta":"","header-main-stick-meta":"","header-below-stick-meta":""},"product_cat":[37],"product_tag":[],"acf":[],"uagb_featured_image_src":{"full":["https:\/\/macae-airport.kaptiva.com.br\/wp-content\/uploads\/2022\/05\/AVSEC_MACAE_v3.png",800,600,false],"thumbnail":["https:\/\/macae-airport.kaptiva.com.br\/wp-content\/uploads\/2022\/05\/AVSEC_MACAE_v3-150x150.png",150,150,true],"medium":["https:\/\/macae-airport.kaptiva.com.br\/wp-content\/uploads\/2022\/05\/AVSEC_MACAE_v3-300x225.png",300,225,true],"medium_large":["https:\/\/macae-airport.kaptiva.com.br\/wp-content\/uploads\/2022\/05\/AVSEC_MACAE_v3-768x576.png",768,576,true],"large":["https:\/\/macae-airport.kaptiva.com.br\/wp-content\/uploads\/2022\/05\/AVSEC_MACAE_v3.png",800,600,false],"1536x1536":["https:\/\/macae-airport.kaptiva.com.br\/wp-content\/uploads\/2022\/05\/AVSEC_MACAE_v3.png",800,600,false],"2048x2048":["https:\/\/macae-airport.kaptiva.com.br\/wp-content\/uploads\/2022\/05\/AVSEC_MACAE_v3.png",800,600,false],"course_single":["https:\/\/macae-airport.kaptiva.com.br\/wp-content\/uploads\/2022\/05\/AVSEC_MACAE_v3.png",600,450,false],"course_archive":["https:\/\/macae-airport.kaptiva.com.br\/wp-content\/uploads\/2022\/05\/AVSEC_MACAE_v3.png",200,150,false],"woocommerce_thumbnail":["https:\/\/macae-airport.kaptiva.com.br\/wp-content\/uploads\/2022\/05\/AVSEC_MACAE_v3-300x225.png",300,225,true],"woocommerce_single":["https:\/\/macae-airport.kaptiva.com.br\/wp-content\/uploads\/2022\/05\/AVSEC_MACAE_v3-600x450.png",600,450,true],"woocommerce_gallery_thumbnail":["https:\/\/macae-airport.kaptiva.com.br\/wp-content\/uploads\/2022\/05\/AVSEC_MACAE_v3-100x100.png",100,100,true]},"uagb_author_info":{"display_name":"Elson da Silva Santos","author_link":"https:\/\/macae-airport.kaptiva.com.br\/index.php\/author\/"},"uagb_comment_info":0,"uagb_excerpt":"Este treinamento \u00e9 destinado a todos os profissionais que desenvolvem atividades na \u00e1rea operacional do aer\u00f3dromo, conforme RBAC 107 (Regulamento Brasileiro de Avia\u00e7\u00e3o Civil).","_links":{"self":[{"href":"https:\/\/macae-airport.kaptiva.com.br\/index.php\/wp-json\/wp\/v2\/product\/9611"}],"collection":[{"href":"https:\/\/macae-airport.kaptiva.com.br\/index.php\/wp-json\/wp\/v2\/product"}],"about":[{"href":"https:\/\/macae-airport.kaptiva.com.br\/index.php\/wp-json\/wp\/v2\/types\/product"}],"version-history":[{"count":2,"href":"https:\/\/macae-airport.kaptiva.com.br\/index.php\/wp-json\/wp\/v2\/product\/9611\/revisions"}],"predecessor-version":[{"id":10501,"href":"https:\/\/macae-airport.kaptiva.com.br\/index.php\/wp-json\/wp\/v2\/product\/9611\/revisions\/10501"}],"wp:featuredmedia":[{"embeddable":true,"href":"https:\/\/macae-airport.kaptiva.com.br\/index.php\/wp-json\/wp\/v2\/media\/9941"}],"wp:attachment":[{"href":"https:\/\/macae-airport.kaptiva.com.br\/index.php\/wp-json\/wp\/v2\/media?parent=9611"}],"wp:term":[{"taxonomy":"product_cat","embeddable":true,"href":"https:\/\/macae-airport.kaptiva.com.br\/index.php\/wp-json\/wp\/v2\/product_cat?post=9611"},{"taxonomy":"product_tag","embeddable":true,"href":"https:\/\/macae-airport.kaptiva.com.br\/index.php\/wp-json\/wp\/v2\/product_tag?post=9611"}],"curies":[{"name":"wp","href":"https:\/\/api.w.org\/{rel}","templated":true}]}}