{"id":16,"date":"2022-02-22T12:11:17","date_gmt":"2022-02-22T15:11:17","guid":{"rendered":"https:\/\/floripa-airport.kaptiva.com.br\/index.php\/minha-conta\/"},"modified":"2025-10-13T15:43:17","modified_gmt":"2025-10-13T18:43:17","slug":"minha-conta","status":"publish","type":"page","link":"https:\/\/macae-airport.kaptiva.com.br\/index.php\/minha-conta\/","title":{"rendered":"Minha conta"},"content":{"rendered":"\t\t<div data-elementor-type=\"wp-page\" data-elementor-id=\"16\" class=\"elementor elementor-16\" data-elementor-post-type=\"page\">\n\t\t\t\t\t\t\t\t\t<section class=\"elementor-section elementor-top-section elementor-element elementor-element-8f2350c elementor-section-full_width elementor-section-height-default elementor-section-height-default\" data-id=\"8f2350c\" data-element_type=\"section\">\n\t\t\t\t\t\t<div class=\"elementor-container elementor-column-gap-default\">\n\t\t\t\t\t<div class=\"elementor-column elementor-col-100 elementor-top-column elementor-element elementor-element-187541b\" data-id=\"187541b\" data-element_type=\"column\">\n\t\t\t<div class=\"elementor-widget-wrap elementor-element-populated\">\n\t\t\t\t\t\t\t\t<div class=\"elementor-element elementor-element-559a628 e-my-account-tabs-vertical elementor-widget elementor-widget-woocommerce-my-account\" data-id=\"559a628\" data-element_type=\"widget\" data-widget_type=\"woocommerce-my-account.default\">\n\t\t\t\t<div class=\"elementor-widget-container\">\n\t\t\t<link rel=\"stylesheet\" href=\"https:\/\/macae-airport.kaptiva.com.br\/wp-content\/plugins\/elementor-pro\/assets\/css\/widget-woocommerce.min.css\"><div class=\"e-my-account-tab e-my-account-tab__ \">\t\t\t<span class=\"elementor-hidden\">[woocommerce_my_account]<\/span>\n\t\t\t<div class=\"woocommerce\"><\/div>\t\t<\/div>\n\t\t\t\t<\/div>\n\t\t\t\t<\/div>\n\t\t\t\t\t<\/div>\n\t\t<\/div>\n\t\t\t\t\t\t\t<\/div>\n\t\t<\/section>\n\t\t\t\t\t\t\t<\/div>\n\t\t","protected":false},"excerpt":{"rendered":"<p>Meus cursos Minha conta Meus pedidos Desconectar Voc\u00ea n\u00e3o tem permiss\u00e3o para efetuar compras! Ol\u00e1, Elson da Silva Santos (n\u00e3o \u00e9 Elson da Silva Santos? Sair) A partir do painel de controle de sua conta, voc\u00ea pode ver suas compras recentes, gerenciar seus endere\u00e7os de entrega e faturamento, e editar sua senha e detalhes da &hellip;<\/p>\n<p class=\"read-more\"> <a class=\"\" href=\"https:\/\/macae-airport.kaptiva.com.br\/index.php\/minha-conta\/\"> <span class=\"screen-reader-text\">Minha conta<\/span> Leia mais \u00bb<\/a><\/p>\n","protected":false},"author":1,"featured_media":0,"parent":0,"menu_order":0,"comment_status":"closed","ping_status":"closed","template":"elementor_header_footer","meta":{"_uag_custom_page_level_css":"","site-sidebar-layout":"no-sidebar","site-content-layout":"page-builder","ast-main-header-display":"","ast-hfb-above-header-display":"","ast-hfb-below-header-display":"","ast-hfb-mobile-header-display":"","site-post-title":"disabled","ast-breadcrumbs-content":"","ast-featured-img":"disabled","footer-sml-layout":"","theme-transparent-header-meta":"default","adv-header-id-meta":"","stick-header-meta":"default","header-above-stick-meta":"","header-main-stick-meta":"","header-below-stick-meta":""},"acf":[],"uagb_featured_image_src":{"full":false,"thumbnail":false,"medium":false,"medium_large":false,"large":false,"1536x1536":false,"2048x2048":false,"course_single":false,"course_archive":false,"woocommerce_thumbnail":false,"woocommerce_single":false,"woocommerce_gallery_thumbnail":false},"uagb_author_info":{"display_name":"willian","author_link":"https:\/\/macae-airport.kaptiva.com.br\/index.php\/author\/willian\/"},"uagb_comment_info":0,"uagb_excerpt":"Meus cursos Minha conta Meus pedidos Desconectar Voc\u00ea n\u00e3o tem permiss\u00e3o para efetuar compras! Ol\u00e1, Elson da Silva Santos (n\u00e3o \u00e9 Elson da Silva Santos? Sair) A partir do painel de controle de sua conta, voc\u00ea pode ver suas compras recentes, gerenciar seus endere\u00e7os de entrega e faturamento, e editar sua senha e detalhes da&hellip;","_links":{"self":[{"href":"https:\/\/macae-airport.kaptiva.com.br\/index.php\/wp-json\/wp\/v2\/pages\/16"}],"collection":[{"href":"https:\/\/macae-airport.kaptiva.com.br\/index.php\/wp-json\/wp\/v2\/pages"}],"about":[{"href":"https:\/\/macae-airport.kaptiva.com.br\/index.php\/wp-json\/wp\/v2\/types\/page"}],"author":[{"embeddable":true,"href":"https:\/\/macae-airport.kaptiva.com.br\/index.php\/wp-json\/wp\/v2\/users\/1"}],"replies":[{"embeddable":true,"href":"https:\/\/macae-airport.kaptiva.com.br\/index.php\/wp-json\/wp\/v2\/comments?post=16"}],"version-history":[{"count":626,"href":"https:\/\/macae-airport.kaptiva.com.br\/index.php\/wp-json\/wp\/v2\/pages\/16\/revisions"}],"predecessor-version":[{"id":12009,"href":"https:\/\/macae-airport.kaptiva.com.br\/index.php\/wp-json\/wp\/v2\/pages\/16\/revisions\/12009"}],"wp:attachment":[{"href":"https:\/\/macae-airport.kaptiva.com.br\/index.php\/wp-json\/wp\/v2\/media?parent=16"}],"curies":[{"name":"wp","href":"https:\/\/api.w.org\/{rel}","templated":true}]}}